{"id":80,"date":"2024-03-10T20:11:00","date_gmt":"2024-03-10T19:11:00","guid":{"rendered":"https:\/\/vidaparaellas.com.co\/?page_id=80"},"modified":"2024-03-10T21:47:17","modified_gmt":"2024-03-10T20:47:17","slug":"quienes-somos","status":"publish","type":"page","link":"https:\/\/vidaparaellas.com.co\/index.php\/quienes-somos\/","title":{"rendered":"Quienes somos"},"content":{"rendered":"\n<div class=\"wp-block-cover alignfull is-light\" style=\"min-height:441px\"><span aria-hidden=\"true\" class=\"wp-block-cover__background has-background-dim-0 has-background-dim\"><\/span><img fetchpriority=\"high\" decoding=\"async\" width=\"2560\" height=\"1440\" class=\"wp-block-cover__image-background wp-image-82\" alt=\"\" src=\"https:\/\/vidaparaellas.com.co\/wp-content\/uploads\/2024\/03\/smiling-young-woman-hugging-her-friend-from-against-pink-background-scaled.jpg\" style=\"object-position:67% 35%\" data-object-fit=\"cover\" data-object-position=\"67% 35%\" srcset=\"https:\/\/vidaparaellas.com.co\/wp-content\/uploads\/2024\/03\/smiling-young-woman-hugging-her-friend-from-against-pink-background-scaled.jpg 2560w, https:\/\/vidaparaellas.com.co\/wp-content\/uploads\/2024\/03\/smiling-young-woman-hugging-her-friend-from-against-pink-background-300x169.jpg 300w, https:\/\/vidaparaellas.com.co\/wp-content\/uploads\/2024\/03\/smiling-young-woman-hugging-her-friend-from-against-pink-background-1024x576.jpg 1024w, https:\/\/vidaparaellas.com.co\/wp-content\/uploads\/2024\/03\/smiling-young-woman-hugging-her-friend-from-against-pink-background-768x432.jpg 768w, https:\/\/vidaparaellas.com.co\/wp-content\/uploads\/2024\/03\/smiling-young-woman-hugging-her-friend-from-against-pink-background-1536x864.jpg 1536w, https:\/\/vidaparaellas.com.co\/wp-content\/uploads\/2024\/03\/smiling-young-woman-hugging-her-friend-from-against-pink-background-2048x1152.jpg 2048w\" sizes=\"(max-width: 2560px) 100vw, 2560px\" \/><div class=\"wp-block-cover__inner-container is-layout-flow wp-block-cover-is-layout-flow\">\n<p><\/p>\n\n\n\n<p><\/p>\n\n\n\n<p><\/p>\n\n\n\n<p class=\"has-text-align-left has-x-large-font-size\"><strong><em>\u00a1Mujeres destinadas a ser felices!<\/em><\/strong><\/p>\n\n\n\n<div class=\"wp-block-buttons is-content-justification-center is-layout-flex wp-container-core-buttons-layout-1 wp-block-buttons-is-layout-flex\"><\/div>\n<\/div><\/div>\n\n\n\n<figure class=\"wp-block-pullquote\" style=\"font-size:20px\"><blockquote><p>Somos una empresa de la industria cosm\u00e9tica; nuestra ideolog\u00eda se basa en hacer personas felices mediante un proceso que busca independencia y libertad, tanto para los clientes como para los profesionales que ejercen el arte del -easycrem intensivo- a los cuales llamamos So\u00f1adores.<br><br>Cre\u00e1ndoles un nuevo estilo de vida mediante un modelo de negocio sostenible y rentable, ya que est\u00e1 inspirado en unir familias y en el cual se incluyen la educaci\u00f3n y la comercializaci\u00f3n de nuestros productos. <\/p><cite>Nayive Fern\u00e1ndez Luna<\/cite><\/blockquote><\/figure>\n\n\n\n<div style=\"height:0px\" aria-hidden=\"true\" class=\"wp-block-spacer\"><\/div>\n\n\n\n<div style=\"height:0px\" aria-hidden=\"true\" class=\"wp-block-spacer\"><\/div>\n\n\n\n<div class=\"wp-block-group is-layout-constrained wp-block-group-is-layout-constrained\">\n<div class=\"wp-block-media-text has-media-on-the-right is-stacked-on-mobile is-vertically-aligned-center\"><div class=\"wp-block-media-text__content\">\n<p>Vida para ellas nace en el 2015 gracias a una necesidad vital de su creadora Nayive Fernandez, la cual en ese a\u00f1o fue diagnosticada con varias enfermedades, entre ellas un estr\u00e9s que desencadeno un desorden en el sistema nervioso. Entre la congesti\u00f3n emocional de una mujer insegura, inmadura y t\u00f3xica, llega la fibromialgia intensa, una costocondritis aguda, una circulaci\u00f3n poco funcional y un c\u00e1ncer en tercer grado el cual deb\u00eda ser tratado de forma inmediata, entre los intensos dolores de su cuerpo decidi\u00f3 poner un alto en el camino, llenarse de fuerza y sacar una voz de auxilio que hablar\u00eda por ella misma. En ese a\u00f1o enferma, cansada, desilusionada y frustrada, se sent\u00f3 en la sala y comenz\u00f3 a pensar en una vida mas descontaminada emocionalmente y as\u00ed tomo la decisi\u00f3n de renunciar a esa Nayive, que se hab\u00eda hecho para complacer la voluntad de una sociedad ego\u00edsta que solo esperaba experiencias de vida superficiales y no reales.<\/p>\n<\/div><figure class=\"wp-block-media-text__media\"><img decoding=\"async\" width=\"1024\" height=\"683\" src=\"https:\/\/vidaparaellas.com.co\/wp-content\/uploads\/2024\/03\/beautiful-diverse-young-ladies-jeans-white-shirts-look-camera-beige-background-women-s-day-concept-1024x683.jpg\" alt=\"\" class=\"wp-image-84 size-full\" srcset=\"https:\/\/vidaparaellas.com.co\/wp-content\/uploads\/2024\/03\/beautiful-diverse-young-ladies-jeans-white-shirts-look-camera-beige-background-women-s-day-concept-1024x683.jpg 1024w, https:\/\/vidaparaellas.com.co\/wp-content\/uploads\/2024\/03\/beautiful-diverse-young-ladies-jeans-white-shirts-look-camera-beige-background-women-s-day-concept-300x200.jpg 300w, https:\/\/vidaparaellas.com.co\/wp-content\/uploads\/2024\/03\/beautiful-diverse-young-ladies-jeans-white-shirts-look-camera-beige-background-women-s-day-concept-768x512.jpg 768w, https:\/\/vidaparaellas.com.co\/wp-content\/uploads\/2024\/03\/beautiful-diverse-young-ladies-jeans-white-shirts-look-camera-beige-background-women-s-day-concept-1536x1024.jpg 1536w, https:\/\/vidaparaellas.com.co\/wp-content\/uploads\/2024\/03\/beautiful-diverse-young-ladies-jeans-white-shirts-look-camera-beige-background-women-s-day-concept-2048x1366.jpg 2048w\" sizes=\"(max-width: 1024px) 100vw, 1024px\" \/><\/figure><\/div>\n<\/div>\n\n\n\n<div class=\"wp-block-group is-layout-constrained wp-block-group-is-layout-constrained\">\n<div class=\"wp-block-media-text is-stacked-on-mobile is-vertically-aligned-center\"><figure class=\"wp-block-media-text__media\"><img decoding=\"async\" width=\"1024\" height=\"683\" src=\"https:\/\/vidaparaellas.com.co\/wp-content\/uploads\/2024\/03\/beautiful-diverse-young-ladies-jeans-white-shirts-look-camera-beige-background-women-s-day-concept-1-1024x683.jpg\" alt=\"\" class=\"wp-image-85 size-full\" srcset=\"https:\/\/vidaparaellas.com.co\/wp-content\/uploads\/2024\/03\/beautiful-diverse-young-ladies-jeans-white-shirts-look-camera-beige-background-women-s-day-concept-1-1024x683.jpg 1024w, https:\/\/vidaparaellas.com.co\/wp-content\/uploads\/2024\/03\/beautiful-diverse-young-ladies-jeans-white-shirts-look-camera-beige-background-women-s-day-concept-1-300x200.jpg 300w, https:\/\/vidaparaellas.com.co\/wp-content\/uploads\/2024\/03\/beautiful-diverse-young-ladies-jeans-white-shirts-look-camera-beige-background-women-s-day-concept-1-768x512.jpg 768w, https:\/\/vidaparaellas.com.co\/wp-content\/uploads\/2024\/03\/beautiful-diverse-young-ladies-jeans-white-shirts-look-camera-beige-background-women-s-day-concept-1-1536x1024.jpg 1536w, https:\/\/vidaparaellas.com.co\/wp-content\/uploads\/2024\/03\/beautiful-diverse-young-ladies-jeans-white-shirts-look-camera-beige-background-women-s-day-concept-1-2048x1366.jpg 2048w\" sizes=\"(max-width: 1024px) 100vw, 1024px\" \/><\/figure><div class=\"wp-block-media-text__content\">\n<p>En ese preciso momento decidi\u00f3 abrazarse para dejar atr\u00e1s a la mujer insegura y s\u00faper protegida por ese hombre que la amaba y solo viv\u00eda para verla bien, la que se hab\u00eda acostumbrado a una zona de confort que no le pertenec\u00eda porque iba olvidando de donde venia. Ya que con tanta bondad de Dios y una vida c\u00f3moda en donde no faltaba nada, iba dejando olvidada a aquella ni\u00f1a humilde cargada de sue\u00f1os que dejo a los 15 a\u00f1os cuando decidi\u00f3 casarse. Mirarse al espejo y reconocerse como mujer, como esposa, como madre y como humana, le recobraron el deseo de volver a imaginar que lo imposible si era posible, ese d\u00eda se aferro a Dios y pidi\u00f3 un favor a la virgen de Guadalupe, ella recuerda que le pidi\u00f3 una nueva vida y que en esa nueva vida le permitiera seguir conservando lo que para ella siempre era mas importante, su hogar, su compa\u00f1ero, sus hijos y la gracia de disfrutarlos como familia hasta que la muerte los separara.<\/p>\n<\/div><\/div>\n<\/div>\n\n\n\n<div class=\"wp-block-group is-layout-constrained wp-block-group-is-layout-constrained\">\n<div class=\"wp-block-media-text has-media-on-the-right is-stacked-on-mobile is-vertically-aligned-bottom\"><div class=\"wp-block-media-text__content\">\n<p>As\u00ed es como una mujer decide hablar de las cosas que siempre silenci\u00f3 por conservar la armon\u00eda de su hogar, se aferro a la libertad a la cual tenia derecho como mujer, ingreso a estudiar al instituto nacional SENA, ah\u00ed comienza la aventura mas bella de lo que una persona puede definir como independencia f\u00edsica, emocional y financiera.<\/p>\n\n\n\n<p>El reto empez\u00f3 y en ese momento era por su amor propio, por su vida y sentirse \u00fatil. Ah\u00ed naci\u00f3 la idea de atender a sus clientas las cuales eran amigas, que le dieron el voto de confianza con la aplicaci\u00f3n de los productos, los cuales se crearon desde unas mezclas hermosas que confirmaron unas formulas magistrales ganadoras para dejar a las se\u00f1oras felices.<\/p>\n<\/div><figure class=\"wp-block-media-text__media\"><img decoding=\"async\" width=\"1024\" height=\"683\" src=\"https:\/\/vidaparaellas.com.co\/wp-content\/uploads\/2024\/03\/beautiful-diverse-young-ladies-jeans-white-shirts-look-camera-beige-background-women-s-day-concept-1024x683.jpg\" alt=\"\" class=\"wp-image-84 size-full\" srcset=\"https:\/\/vidaparaellas.com.co\/wp-content\/uploads\/2024\/03\/beautiful-diverse-young-ladies-jeans-white-shirts-look-camera-beige-background-women-s-day-concept-1024x683.jpg 1024w, https:\/\/vidaparaellas.com.co\/wp-content\/uploads\/2024\/03\/beautiful-diverse-young-ladies-jeans-white-shirts-look-camera-beige-background-women-s-day-concept-300x200.jpg 300w, https:\/\/vidaparaellas.com.co\/wp-content\/uploads\/2024\/03\/beautiful-diverse-young-ladies-jeans-white-shirts-look-camera-beige-background-women-s-day-concept-768x512.jpg 768w, https:\/\/vidaparaellas.com.co\/wp-content\/uploads\/2024\/03\/beautiful-diverse-young-ladies-jeans-white-shirts-look-camera-beige-background-women-s-day-concept-1536x1024.jpg 1536w, https:\/\/vidaparaellas.com.co\/wp-content\/uploads\/2024\/03\/beautiful-diverse-young-ladies-jeans-white-shirts-look-camera-beige-background-women-s-day-concept-2048x1366.jpg 2048w\" sizes=\"(max-width: 1024px) 100vw, 1024px\" \/><\/figure><\/div>\n<\/div>\n\n\n\n<div class=\"wp-block-group is-layout-constrained wp-block-group-is-layout-constrained\">\n<div class=\"wp-block-media-text is-stacked-on-mobile\"><figure class=\"wp-block-media-text__media\"><img decoding=\"async\" width=\"1024\" height=\"683\" src=\"https:\/\/vidaparaellas.com.co\/wp-content\/uploads\/2024\/03\/beautiful-diverse-young-ladies-jeans-white-shirts-look-camera-beige-background-women-s-day-concept-1024x683.jpg\" alt=\"\" class=\"wp-image-84 size-full\" srcset=\"https:\/\/vidaparaellas.com.co\/wp-content\/uploads\/2024\/03\/beautiful-diverse-young-ladies-jeans-white-shirts-look-camera-beige-background-women-s-day-concept-1024x683.jpg 1024w, https:\/\/vidaparaellas.com.co\/wp-content\/uploads\/2024\/03\/beautiful-diverse-young-ladies-jeans-white-shirts-look-camera-beige-background-women-s-day-concept-300x200.jpg 300w, https:\/\/vidaparaellas.com.co\/wp-content\/uploads\/2024\/03\/beautiful-diverse-young-ladies-jeans-white-shirts-look-camera-beige-background-women-s-day-concept-768x512.jpg 768w, https:\/\/vidaparaellas.com.co\/wp-content\/uploads\/2024\/03\/beautiful-diverse-young-ladies-jeans-white-shirts-look-camera-beige-background-women-s-day-concept-1536x1024.jpg 1536w, https:\/\/vidaparaellas.com.co\/wp-content\/uploads\/2024\/03\/beautiful-diverse-young-ladies-jeans-white-shirts-look-camera-beige-background-women-s-day-concept-2048x1366.jpg 2048w\" sizes=\"(max-width: 1024px) 100vw, 1024px\" \/><\/figure><div class=\"wp-block-media-text__content\">\n<p>La sala se vuelve el confesionario de muchas historias de mujeres, entre clienta y clienta se creo un compartir hermoso en que se identificaban como mujeres llenas de experiencias que hac\u00edan a unas m\u00e1s fuertes y a otras fr\u00e1giles d\u00e1ndose animo a crear su propia realidad, esa que les permit\u00eda estar mas tranquilas y felices. Justo ah\u00ed en ese compartir y entendiendo la necesidad de independencia que expresaban las amigas y clientas que decidieron aprender el arte de Easycrem y as\u00ed volverse so\u00f1adoras. <\/p>\n\n\n\n<p>Esto de los so\u00f1adores naci\u00f3 por la gracia de Dios que env\u00edo a miles de personas a tomar un turno para revitalizar sus cabellos y as\u00ed a cada persona que quer\u00eda emprender se le entregaba con amor la clientela que iba en busca de Nayive, la creadora de los productos, los cuales ellos son los que maneja la exclusividad para asi alimentar el modo de negocio que Nayive desde su sala siempre imagino y so\u00f1\u00f3 para ellas.<\/p>\n<\/div><\/div>\n<\/div>\n\n\n\n<div class=\"wp-block-group is-layout-constrained wp-block-group-is-layout-constrained\">\n<div class=\"wp-block-media-text has-media-on-the-right is-stacked-on-mobile\"><div class=\"wp-block-media-text__content\">\n<p>La diferencia esta en que creamos una empresa humanizada, en donde nuestros productos con formulas ganadoras, generan gran felicidad en los clientes, elev\u00e1ndoles el autoestima en el momento en el que reciben una transformaci\u00f3n positiva en sus cabellos, aparte generamos un impacto social positivo cada vez que un so\u00f1ador mejora su estilo de vida con este emprendimiento, que le permite como profesional crear su propio modelo de negocio desde la comodidad de sus hogares.<\/p>\n<\/div><figure class=\"wp-block-media-text__media\"><img decoding=\"async\" width=\"1024\" height=\"683\" src=\"https:\/\/vidaparaellas.com.co\/wp-content\/uploads\/2024\/03\/beautiful-diverse-young-ladies-jeans-white-shirts-look-camera-beige-background-women-s-day-concept-1024x683.jpg\" alt=\"\" class=\"wp-image-84 size-full\" srcset=\"https:\/\/vidaparaellas.com.co\/wp-content\/uploads\/2024\/03\/beautiful-diverse-young-ladies-jeans-white-shirts-look-camera-beige-background-women-s-day-concept-1024x683.jpg 1024w, https:\/\/vidaparaellas.com.co\/wp-content\/uploads\/2024\/03\/beautiful-diverse-young-ladies-jeans-white-shirts-look-camera-beige-background-women-s-day-concept-300x200.jpg 300w, https:\/\/vidaparaellas.com.co\/wp-content\/uploads\/2024\/03\/beautiful-diverse-young-ladies-jeans-white-shirts-look-camera-beige-background-women-s-day-concept-768x512.jpg 768w, https:\/\/vidaparaellas.com.co\/wp-content\/uploads\/2024\/03\/beautiful-diverse-young-ladies-jeans-white-shirts-look-camera-beige-background-women-s-day-concept-1536x1024.jpg 1536w, https:\/\/vidaparaellas.com.co\/wp-content\/uploads\/2024\/03\/beautiful-diverse-young-ladies-jeans-white-shirts-look-camera-beige-background-women-s-day-concept-2048x1366.jpg 2048w\" sizes=\"(max-width: 1024px) 100vw, 1024px\" \/><\/figure><\/div>\n<\/div>\n\n\n\n<hr class=\"wp-block-separator has-alpha-channel-opacity\"\/>\n\n\n\n<div class=\"wp-block-group is-layout-constrained wp-block-group-is-layout-constrained\">\n<div class=\"wp-block-group is-horizontal is-nowrap is-layout-flex wp-container-core-group-layout-6 wp-block-group-is-layout-flex\">\n<p><strong><em>MISI\u00d3N: <\/em><\/strong>Contribuir a que haya una mejor sociedad para todos, haciendo de la inclusi\u00f3n algo real; queremos un mundo en donde disfrutemos de la independencia y libertad que merecemos, econ\u00f3mica y emocionalmente.<\/p>\n\n\n\n<p><strong><em>VISI\u00d3N: <\/em><\/strong>Seremos en el 2025 una de las empresas m\u00e1s generadoras de empleo, impactando de forma positiva en la sociedad, formando nuevos estilos de vida para las familias que alg\u00fan d\u00eda creyeron haberlo perdido todo.<\/p>\n<\/div>\n<\/div>\n\n\n\n<hr class=\"wp-block-separator has-alpha-channel-opacity\"\/>\n\n\n\n<div class=\"wp-block-group is-layout-constrained wp-block-group-is-layout-constrained\">\n<div class=\"wp-block-media-text is-stacked-on-mobile\" style=\"grid-template-columns:37% auto\"><figure class=\"wp-block-media-text__media\"><img loading=\"lazy\" decoding=\"async\" width=\"1024\" height=\"682\" src=\"https:\/\/vidaparaellas.com.co\/wp-content\/uploads\/2024\/03\/mujer-pelo-oscuro-sueter-punto-mira-pensativamente-dama-piensa-que-escribir-libro-nuevo_197531-13537-1024x682.jpg\" alt=\"\" class=\"wp-image-60 size-full\" srcset=\"https:\/\/vidaparaellas.com.co\/wp-content\/uploads\/2024\/03\/mujer-pelo-oscuro-sueter-punto-mira-pensativamente-dama-piensa-que-escribir-libro-nuevo_197531-13537-1024x682.jpg 1024w, https:\/\/vidaparaellas.com.co\/wp-content\/uploads\/2024\/03\/mujer-pelo-oscuro-sueter-punto-mira-pensativamente-dama-piensa-que-escribir-libro-nuevo_197531-13537-300x200.jpg 300w, https:\/\/vidaparaellas.com.co\/wp-content\/uploads\/2024\/03\/mujer-pelo-oscuro-sueter-punto-mira-pensativamente-dama-piensa-que-escribir-libro-nuevo_197531-13537-768x512.jpg 768w, https:\/\/vidaparaellas.com.co\/wp-content\/uploads\/2024\/03\/mujer-pelo-oscuro-sueter-punto-mira-pensativamente-dama-piensa-que-escribir-libro-nuevo_197531-13537-1536x1024.jpg 1536w, https:\/\/vidaparaellas.com.co\/wp-content\/uploads\/2024\/03\/mujer-pelo-oscuro-sueter-punto-mira-pensativamente-dama-piensa-que-escribir-libro-nuevo_197531-13537.jpg 2000w\" sizes=\"(max-width: 1024px) 100vw, 1024px\" \/><\/figure><div class=\"wp-block-media-text__content\">\n<p><strong><em>Nayive Fern\u00e1ndez <\/em><\/strong>es un ser humano con grandes capacidades de edificarse, ha entendido el porque de su existencia terrenal, es una mujer con resiliencia, lista para empezar un nuevo camino cuantas veces sea necesario, se ha abrazado a cada una de las situaciones vi\u00e9ndolas como bendiciones que la educan a trav\u00e9s del tiempo para continuar su misi\u00f3n. Ha cambiado sus debilidades por grandes fortalezas al entender que la vida no tiene problemas, sino que esta llena de situaciones por resolver y entre mas adversidades se interpongan en la vida, m\u00e1s se prepara para alcanzar sus sue\u00f1os de una forma m\u00e1s consiente y humana, es una mujer que ha creado nuevos pensamientos que la llevan a amarse y a creer en ella misma. As\u00ed mismo logra esa sanaci\u00f3n emocional que le permite abrazar de una forma m\u00e1s humana la historia de quien se encuentra en el camino&#8230; Se ha aferrado cada d\u00eda mas a su prop\u00f3sito de vida, el cual es ayudar a que las personas formen nuevos estilos de vida, donde el amor, el respeto y la prosperidad hagan que cada ser humano viva cada vez mejor<\/p>\n<\/div><\/div>\n<\/div>\n\n\n\n<pre class=\"wp-block-verse has-text-align-center\">La transformaci\u00f3n de un humano desde el ser para disfrutar un nuevo estilo de vida. <\/pre>\n\n\n\n<hr class=\"wp-block-separator has-alpha-channel-opacity\"\/>\n","protected":false},"excerpt":{"rendered":"<p>Somos una empresa de la industria cosm\u00e9tica; nuestra ideolog\u00eda se basa en hacer personas felices mediante un proceso que busca [&hellip;]<\/p>\n","protected":false},"author":1,"featured_media":0,"parent":0,"menu_order":0,"comment_status":"closed","ping_status":"closed","template":"","meta":{"site-sidebar-layout":"default","site-content-layout":"","ast-site-content-layout":"","site-content-style":"default","site-sidebar-style":"default","ast-global-header-display":"","ast-banner-title-visibility":"","ast-main-header-display":"","ast-hfb-above-header-display":"","ast-hfb-below-header-display":"","ast-hfb-mobile-header-display":"","site-post-title":"disabled","ast-breadcrumbs-content":"","ast-featured-img":"","footer-sml-layout":"","theme-transparent-header-meta":"","adv-header-id-meta":"","stick-header-meta":"","header-above-stick-meta":"","header-main-stick-meta":"","header-below-stick-meta":"","astra-migrate-meta-layouts":"default","ast-page-background-enabled":"default","ast-page-background-meta":{"desktop":{"background-color":"var(--ast-global-color-4)","background-image":"","background-repeat":"repeat","background-position":"center center","background-size":"auto","background-attachment":"scroll","background-type":"","background-media":"","overlay-type":"","overlay-color":"","overlay-gradient":""},"tablet":{"background-color":"","background-image":"","background-repeat":"repeat","background-position":"center center","background-size":"auto","background-attachment":"scroll","background-type":"","background-media":"","overlay-type":"","overlay-color":"","overlay-gradient":""},"mobile":{"background-color":"","background-image":"","background-repeat":"repeat","background-position":"center center","background-size":"auto","background-attachment":"scroll","background-type":"","background-media":"","overlay-type":"","overlay-color":"","overlay-gradient":""}},"ast-content-background-meta":{"desktop":{"background-color":"var(--ast-global-color-5)","background-image":"","background-repeat":"repeat","background-position":"center center","background-size":"auto","background-attachment":"scroll","background-type":"","background-media":"","overlay-type":"","overlay-color":"","overlay-gradient":""},"tablet":{"background-color":"var(--ast-global-color-5)","background-image":"","background-repeat":"repeat","background-position":"center center","background-size":"auto","background-attachment":"scroll","background-type":"","background-media":"","overlay-type":"","overlay-color":"","overlay-gradient":""},"mobile":{"background-color":"var(--ast-global-color-5)","background-image":"","background-repeat":"repeat","background-position":"center center","background-size":"auto","background-attachment":"scroll","background-type":"","background-media":"","overlay-type":"","overlay-color":"","overlay-gradient":""}},"footnotes":""},"_links":{"self":[{"href":"https:\/\/vidaparaellas.com.co\/index.php\/wp-json\/wp\/v2\/pages\/80"}],"collection":[{"href":"https:\/\/vidaparaellas.com.co\/index.php\/wp-json\/wp\/v2\/pages"}],"about":[{"href":"https:\/\/vidaparaellas.com.co\/index.php\/wp-json\/wp\/v2\/types\/page"}],"author":[{"embeddable":true,"href":"https:\/\/vidaparaellas.com.co\/index.php\/wp-json\/wp\/v2\/users\/1"}],"replies":[{"embeddable":true,"href":"https:\/\/vidaparaellas.com.co\/index.php\/wp-json\/wp\/v2\/comments?post=80"}],"version-history":[{"count":11,"href":"https:\/\/vidaparaellas.com.co\/index.php\/wp-json\/wp\/v2\/pages\/80\/revisions"}],"predecessor-version":[{"id":107,"href":"https:\/\/vidaparaellas.com.co\/index.php\/wp-json\/wp\/v2\/pages\/80\/revisions\/107"}],"wp:attachment":[{"href":"https:\/\/vidaparaellas.com.co\/index.php\/wp-json\/wp\/v2\/media?parent=80"}],"curies":[{"name":"wp","href":"https:\/\/api.w.org\/{rel}","templated":true}]}}