{"id":12,"date":"2024-03-10T17:36:03","date_gmt":"2024-03-10T16:36:03","guid":{"rendered":"https:\/\/vidaparaellas.com.co\/?page_id=12"},"modified":"2024-03-10T21:44:30","modified_gmt":"2024-03-10T20:44:30","slug":"inicio","status":"publish","type":"page","link":"https:\/\/vidaparaellas.com.co\/","title":{"rendered":"Inicio"},"content":{"rendered":"\n<div class=\"wp-block-cover alignfull is-light\" style=\"min-height:441px\"><span aria-hidden=\"true\" class=\"wp-block-cover__background has-background-dim-0 has-background-dim\"><\/span><img fetchpriority=\"high\" decoding=\"async\" width=\"2560\" height=\"1707\" class=\"wp-block-cover__image-background wp-image-55\" alt=\"\" src=\"https:\/\/vidaparaellas.com.co\/wp-content\/uploads\/2024\/03\/portrait-from-back-romantic-girl-blue-attire-scaled.jpg\" style=\"object-position:49% 36%\" data-object-fit=\"cover\" data-object-position=\"49% 36%\" srcset=\"https:\/\/vidaparaellas.com.co\/wp-content\/uploads\/2024\/03\/portrait-from-back-romantic-girl-blue-attire-scaled.jpg 2560w, https:\/\/vidaparaellas.com.co\/wp-content\/uploads\/2024\/03\/portrait-from-back-romantic-girl-blue-attire-300x200.jpg 300w, https:\/\/vidaparaellas.com.co\/wp-content\/uploads\/2024\/03\/portrait-from-back-romantic-girl-blue-attire-1024x683.jpg 1024w, https:\/\/vidaparaellas.com.co\/wp-content\/uploads\/2024\/03\/portrait-from-back-romantic-girl-blue-attire-768x512.jpg 768w, https:\/\/vidaparaellas.com.co\/wp-content\/uploads\/2024\/03\/portrait-from-back-romantic-girl-blue-attire-1536x1024.jpg 1536w, https:\/\/vidaparaellas.com.co\/wp-content\/uploads\/2024\/03\/portrait-from-back-romantic-girl-blue-attire-2048x1365.jpg 2048w\" sizes=\"(max-width: 2560px) 100vw, 2560px\" \/><div class=\"wp-block-cover__inner-container is-layout-flow wp-block-cover-is-layout-flow\">\n<p><\/p>\n\n\n\n<p><\/p>\n\n\n\n<p><\/p>\n\n\n\n<p class=\"has-text-align-center has-x-large-font-size\"><strong><em>Prep\u00e1rate para darle \u00a1Vida a tu cabello!<\/em><\/strong><\/p>\n\n\n\n<div class=\"wp-block-buttons is-content-justification-center is-layout-flex wp-container-core-buttons-layout-1 wp-block-buttons-is-layout-flex\">\n\n<\/div>\n<\/div><\/div>\n\n\n\n<div style=\"height:0px\" aria-hidden=\"true\" class=\"wp-block-spacer\"><\/div>\n\n\n\n<div class=\"wp-block-columns is-layout-flex wp-container-core-columns-layout-1 wp-block-columns-is-layout-flex\">\n<div class=\"wp-block-column is-layout-flow wp-block-column-is-layout-flow\">\n<figure class=\"wp-block-image aligncenter is-resized icon-style is-style-default\"><img decoding=\"async\" src=\"https:\/\/vidaparaellas.com.co\/wp-content\/themes\/neve\/assets\/img\/starter-content\/icon-03.svg\" alt=\"\" style=\"width:48px;height:48px\"\/><\/figure>\n\n\n\n<div style=\"height:20px\" aria-hidden=\"true\" class=\"wp-block-spacer\"><\/div>\n\n\n\n<h3 class=\"wp-block-heading has-text-align-center has-neve-text-color-color has-text-color\">Duraci\u00f3n garantizada<\/h3>\n\n\n\n<p class=\"has-text-align-center\">Si cumples con los requerimientos y recomendaciones que te hacen nuestras so\u00f1adoras tendr\u00e1s excelentes y duraderos resultados.<\/p>\n\n\n\n<div style=\"height:20px\" aria-hidden=\"true\" class=\"wp-block-spacer\"><\/div>\n<\/div>\n\n\n\n<div class=\"wp-block-column is-layout-flow wp-block-column-is-layout-flow\">\n<figure class=\"wp-block-image aligncenter is-resized icon-style is-style-default\"><img decoding=\"async\" src=\"https:\/\/vidaparaellas.com.co\/wp-content\/themes\/neve\/assets\/img\/starter-content\/icon-02.svg\" alt=\"\" style=\"width:48px;height:48px\"\/><\/figure>\n\n\n\n<div style=\"height:20px\" aria-hidden=\"true\" class=\"wp-block-spacer\"><\/div>\n\n\n\n<h3 class=\"wp-block-heading has-text-align-center has-neve-text-color-color has-text-color\">Largos y exhaustivos estudios<\/h3>\n\n\n\n<p class=\"has-text-align-center\">Nuestros productos llevan largos a\u00f1os de estudios y sobretodo de preparaci\u00f3n buscando siempre la excelencia para darle a tu cabello siempre lo mejor.<\/p>\n\n\n\n<div style=\"height:20px\" aria-hidden=\"true\" class=\"wp-block-spacer\"><\/div>\n<\/div>\n\n\n\n<div class=\"wp-block-column is-layout-flow wp-block-column-is-layout-flow\">\n<figure class=\"wp-block-image aligncenter is-resized icon-style is-style-rounded\"><img decoding=\"async\" src=\"https:\/\/vidaparaellas.com.co\/wp-content\/themes\/neve\/assets\/img\/starter-content\/icon-01.svg\" alt=\"\" style=\"width:48px;height:48px\"\/><\/figure>\n\n\n\n<div style=\"height:20px\" aria-hidden=\"true\" class=\"wp-block-spacer\"><\/div>\n\n\n\n<h3 class=\"wp-block-heading has-text-align-center has-neve-text-color-color has-text-color\">Cambios inmediatos<\/h3>\n\n\n\n<p class=\"has-text-align-center\">\u00a1Con cualidades y caracter\u00edsticas necesarias para entregarte de manera casi que inmediata un cabello so\u00f1ado! <\/p>\n\n\n\n<div style=\"height:20px\" aria-hidden=\"true\" class=\"wp-block-spacer\"><\/div>\n<\/div>\n<\/div>\n\n\n\n<div style=\"height:0px\" aria-hidden=\"true\" class=\"wp-block-spacer\"><\/div>\n\n\n\n<div class=\"wp-block-group has-nv-light-bg-background-color has-background is-layout-flow wp-block-group-is-layout-flow\">\n<div class=\"wp-block-columns are-vertically-aligned-center is-layout-flex wp-container-core-columns-layout-2 wp-block-columns-is-layout-flex\">\n<div class=\"wp-block-column is-vertically-aligned-center is-layout-flow wp-block-column-is-layout-flow\" style=\"flex-basis:50%\">\n<figure class=\"wp-block-image size-large\"><img decoding=\"async\" width=\"1024\" height=\"682\" src=\"https:\/\/vidaparaellas.com.co\/wp-content\/uploads\/2024\/03\/mujer-pelo-oscuro-sueter-punto-mira-pensativamente-dama-piensa-que-escribir-libro-nuevo_197531-13537-1024x682.jpg\" alt=\"\" class=\"wp-image-60\" srcset=\"https:\/\/vidaparaellas.com.co\/wp-content\/uploads\/2024\/03\/mujer-pelo-oscuro-sueter-punto-mira-pensativamente-dama-piensa-que-escribir-libro-nuevo_197531-13537-1024x682.jpg 1024w, https:\/\/vidaparaellas.com.co\/wp-content\/uploads\/2024\/03\/mujer-pelo-oscuro-sueter-punto-mira-pensativamente-dama-piensa-que-escribir-libro-nuevo_197531-13537-300x200.jpg 300w, https:\/\/vidaparaellas.com.co\/wp-content\/uploads\/2024\/03\/mujer-pelo-oscuro-sueter-punto-mira-pensativamente-dama-piensa-que-escribir-libro-nuevo_197531-13537-768x512.jpg 768w, https:\/\/vidaparaellas.com.co\/wp-content\/uploads\/2024\/03\/mujer-pelo-oscuro-sueter-punto-mira-pensativamente-dama-piensa-que-escribir-libro-nuevo_197531-13537-1536x1024.jpg 1536w, https:\/\/vidaparaellas.com.co\/wp-content\/uploads\/2024\/03\/mujer-pelo-oscuro-sueter-punto-mira-pensativamente-dama-piensa-que-escribir-libro-nuevo_197531-13537.jpg 2000w\" sizes=\"(max-width: 1024px) 100vw, 1024px\" \/><\/figure>\n<\/div>\n\n\n\n<div class=\"wp-block-column is-vertically-aligned-center is-layout-flow wp-block-column-is-layout-flow\" style=\"flex-basis:50%\">\n<div style=\"height:20px\" aria-hidden=\"true\" class=\"wp-block-spacer\"><\/div>\n\n\n\n<h2 class=\"wp-block-heading has-text-align-left has-neve-text-color-color has-text-color\">Durante 10 a\u00f1os<\/h2>\n\n\n\n<p class=\"has-text-align-left has-neve-text-color-color has-text-color\" style=\"font-size:17px\">\u00a1Desde nuestros inicios hemos trabajado buscando siempre la calidad total, porque todas las mujeres que buscan nuestros servicios merecen lo mejor!<\/p>\n\n\n\n<div class=\"wp-block-buttons is-content-justification-left is-layout-flex wp-container-core-buttons-layout-2 wp-block-buttons-is-layout-flex\">\n<div class=\"wp-block-button is-style-primary\"><a class=\"wp-block-button__link wp-element-button\" href=\"#\">QUIERO SABER M\u00c1S<\/a><\/div>\n<\/div>\n<\/div>\n<\/div>\n\n\n\n<div style=\"height:40px\" aria-hidden=\"true\" class=\"wp-block-spacer\"><\/div>\n<\/div>\n\n\n\n<div class=\"wp-block-group has-nv-site-bg-background-color has-background is-layout-flow wp-block-group-is-layout-flow\">\n<div class=\"wp-block-columns are-vertically-aligned-center is-layout-flex wp-container-core-columns-layout-3 wp-block-columns-is-layout-flex\">\n<div class=\"wp-block-column is-vertically-aligned-center is-layout-flow wp-block-column-is-layout-flow\" style=\"flex-basis:50%\">\n<h2 class=\"wp-block-heading has-text-align-left has-neve-text-color-color has-text-color\">Productos<\/h2>\n\n\n\n<p class=\"has-text-align-left has-neve-text-color-color has-text-color\" style=\"font-size:17px\">\u00a1Toda una familia de productos dise\u00f1ados especialmente para ti, para que tengas ese cabello sano, bonito y fuerte con el que siempre has so\u00f1ado!<\/p>\n\n\n\n<div class=\"wp-block-buttons is-content-justification-left is-layout-flex wp-container-core-buttons-layout-3 wp-block-buttons-is-layout-flex\">\n<div class=\"wp-block-button is-style-primary\"><a class=\"wp-block-button__link wp-element-button\" href=\"#\">QUIERO VER M\u00c1S<\/a><\/div>\n<\/div>\n\n\n\n<div style=\"height:40px\" aria-hidden=\"true\" class=\"wp-block-spacer\"><\/div>\n<\/div>\n\n\n\n<div class=\"wp-block-column is-vertically-aligned-center is-layout-flow wp-block-column-is-layout-flow\" style=\"flex-basis:50%\">\n<figure class=\"wp-block-image size-large is-resized\"><img decoding=\"async\" width=\"1024\" height=\"768\" src=\"https:\/\/vidaparaellas.com.co\/wp-content\/uploads\/2024\/03\/IMG_6138-1024x768.jpg\" alt=\"\" class=\"wp-image-61\" style=\"width:588px;height:auto\" srcset=\"https:\/\/vidaparaellas.com.co\/wp-content\/uploads\/2024\/03\/IMG_6138-1024x768.jpg 1024w, https:\/\/vidaparaellas.com.co\/wp-content\/uploads\/2024\/03\/IMG_6138-300x225.jpg 300w, https:\/\/vidaparaellas.com.co\/wp-content\/uploads\/2024\/03\/IMG_6138-768x576.jpg 768w, https:\/\/vidaparaellas.com.co\/wp-content\/uploads\/2024\/03\/IMG_6138-1536x1152.jpg 1536w, https:\/\/vidaparaellas.com.co\/wp-content\/uploads\/2024\/03\/IMG_6138-2048x1536.jpg 2048w\" sizes=\"(max-width: 1024px) 100vw, 1024px\" \/><\/figure>\n<\/div>\n<\/div>\n<\/div>\n\n\n\n<div style=\"height:40px\" aria-hidden=\"true\" class=\"wp-block-spacer\"><\/div>\n\n\n\n<div class=\"wp-block-group alignfull has-nv-light-bg-background-color has-background is-layout-flow wp-block-group-is-layout-flow\">\n<div class=\"wp-block-columns is-layout-flex wp-container-core-columns-layout-4 wp-block-columns-is-layout-flex\">\n<div class=\"wp-block-column is-layout-flow wp-block-column-is-layout-flow\">\n<figure class=\"wp-block-image is-resized is-style-rounded\"><img decoding=\"async\" src=\"https:\/\/vidaparaellas.com.co\/wp-content\/themes\/neve\/assets\/img\/starter-content\/team-03.jpg\" alt=\"\" style=\"width:80px;height:80px\"\/><\/figure>\n\n\n\n<div style=\"height:24px\" aria-hidden=\"true\" class=\"wp-block-spacer\"><\/div>\n\n\n\n<p class=\"has-text-align-left has-neve-text-color-color has-text-color has-normal-font-size\">\u201cSoy So\u00f1adora y desde hace m\u00e1s de 3 a\u00f1os vida para ellas lleg\u00f3 a cambiar mi vida y la de mi familia\u201d<\/p>\n\n\n\n<p class=\"has-neve-text-color-color has-text-color\">JANETH ZAPATA<\/p>\n\n\n\n<div style=\"height:20px\" aria-hidden=\"true\" class=\"wp-block-spacer\"><\/div>\n<\/div>\n\n\n\n<div class=\"wp-block-column is-layout-flow wp-block-column-is-layout-flow\">\n<figure class=\"wp-block-image is-resized is-style-rounded\"><img decoding=\"async\" src=\"https:\/\/vidaparaellas.com.co\/wp-content\/themes\/neve\/assets\/img\/starter-content\/team-01.jpg\" alt=\"\" style=\"width:80px;height:80px\"\/><\/figure>\n\n\n\n<div style=\"height:24px\" aria-hidden=\"true\" class=\"wp-block-spacer\"><\/div>\n\n\n\n<p class=\"has-text-align-left has-neve-text-color-color has-text-color has-normal-font-size\">\u201cVoy por la tercera aplicaci\u00f3n de Easycrem y cada vez que lo hago qued\u00f3 mucho mejor que la anterior\u201d<\/p>\n\n\n\n<p class=\"has-neve-text-color-color has-text-color\">DANIELA CARRILLO<\/p>\n\n\n\n<div style=\"height:20px\" aria-hidden=\"true\" class=\"wp-block-spacer\"><\/div>\n<\/div>\n\n\n\n<div class=\"wp-block-column is-layout-flow wp-block-column-is-layout-flow\">\n<figure class=\"wp-block-image is-resized is-style-rounded\"><img decoding=\"async\" src=\"https:\/\/vidaparaellas.com.co\/wp-content\/themes\/neve\/assets\/img\/starter-content\/team-02.jpg\" alt=\"\" style=\"width:80px;height:80px\"\/><\/figure>\n\n\n\n<div style=\"height:24px\" aria-hidden=\"true\" class=\"wp-block-spacer\"><\/div>\n\n\n\n<p class=\"has-text-align-left has-neve-text-color-color has-text-color has-normal-font-size\">\u201cMi vida es una despu\u00e9s de haber conocido, aplicado y disfrutado estos productos\u201d<\/p>\n\n\n\n<p class=\"has-neve-text-color-color has-text-color\">GLORIA CASAS<\/p>\n\n\n\n<div style=\"height:20px\" aria-hidden=\"true\" class=\"wp-block-spacer\"><\/div>\n<\/div>\n<\/div>\n\n\n\n<div style=\"height:30px\" aria-hidden=\"true\" class=\"wp-block-spacer\"><\/div>\n<\/div>\n","protected":false},"excerpt":{"rendered":"<p>Duraci\u00f3n garantizada Si cumples con los requerimientos y recomendaciones que te hacen nuestras so\u00f1adoras tendr\u00e1s excelentes y duraderos resultados. Largos [&hellip;]<\/p>\n","protected":false},"author":1,"featured_media":0,"parent":0,"menu_order":0,"comment_status":"closed","ping_status":"closed","template":"","meta":{"site-sidebar-layout":"default","site-content-layout":"","ast-site-content-layout":"","site-content-style":"default","site-sidebar-style":"default","ast-global-header-display":"","ast-banner-title-visibility":"","ast-main-header-display":"","ast-hfb-above-header-display":"","ast-hfb-below-header-display":"","ast-hfb-mobile-header-display":"","site-post-title":"disabled","ast-breadcrumbs-content":"","ast-featured-img":"","footer-sml-layout":"","theme-transparent-header-meta":"","adv-header-id-meta":"","stick-header-meta":"","header-above-stick-meta":"","header-main-stick-meta":"","header-below-stick-meta":"","astra-migrate-meta-layouts":"default","ast-page-background-enabled":"default","ast-page-background-meta":{"desktop":{"background-color":"var(--ast-global-color-4)","background-image":"","background-repeat":"repeat","background-position":"center center","background-size":"auto","background-attachment":"scroll","background-type":"","background-media":"","overlay-type":"","overlay-color":"","overlay-gradient":""},"tablet":{"background-color":"","background-image":"","background-repeat":"repeat","background-position":"center center","background-size":"auto","background-attachment":"scroll","background-type":"","background-media":"","overlay-type":"","overlay-color":"","overlay-gradient":""},"mobile":{"background-color":"","background-image":"","background-repeat":"repeat","background-position":"center center","background-size":"auto","background-attachment":"scroll","background-type":"","background-media":"","overlay-type":"","overlay-color":"","overlay-gradient":""}},"ast-content-background-meta":{"desktop":{"background-color":"var(--ast-global-color-5)","background-image":"","background-repeat":"repeat","background-position":"center center","background-size":"auto","background-attachment":"scroll","background-type":"","background-media":"","overlay-type":"","overlay-color":"","overlay-gradient":""},"tablet":{"background-color":"var(--ast-global-color-5)","background-image":"","background-repeat":"repeat","background-position":"center center","background-size":"auto","background-attachment":"scroll","background-type":"","background-media":"","overlay-type":"","overlay-color":"","overlay-gradient":""},"mobile":{"background-color":"var(--ast-global-color-5)","background-image":"","background-repeat":"repeat","background-position":"center center","background-size":"auto","background-attachment":"scroll","background-type":"","background-media":"","overlay-type":"","overlay-color":"","overlay-gradient":""}},"footnotes":""},"_links":{"self":[{"href":"https:\/\/vidaparaellas.com.co\/index.php\/wp-json\/wp\/v2\/pages\/12"}],"collection":[{"href":"https:\/\/vidaparaellas.com.co\/index.php\/wp-json\/wp\/v2\/pages"}],"about":[{"href":"https:\/\/vidaparaellas.com.co\/index.php\/wp-json\/wp\/v2\/types\/page"}],"author":[{"embeddable":true,"href":"https:\/\/vidaparaellas.com.co\/index.php\/wp-json\/wp\/v2\/users\/1"}],"replies":[{"embeddable":true,"href":"https:\/\/vidaparaellas.com.co\/index.php\/wp-json\/wp\/v2\/comments?post=12"}],"version-history":[{"count":10,"href":"https:\/\/vidaparaellas.com.co\/index.php\/wp-json\/wp\/v2\/pages\/12\/revisions"}],"predecessor-version":[{"id":105,"href":"https:\/\/vidaparaellas.com.co\/index.php\/wp-json\/wp\/v2\/pages\/12\/revisions\/105"}],"wp:attachment":[{"href":"https:\/\/vidaparaellas.com.co\/index.php\/wp-json\/wp\/v2\/media?parent=12"}],"curies":[{"name":"wp","href":"https:\/\/api.w.org\/{rel}","templated":true}]}}